{"id":197,"date":"2023-10-25T09:57:21","date_gmt":"2023-10-25T06:57:21","guid":{"rendered":"https:\/\/eglealeknaite.com\/?page_id=197"},"modified":"2023-10-26T19:50:17","modified_gmt":"2023-10-26T16:50:17","slug":"apie-mane","status":"publish","type":"page","link":"https:\/\/eglealeknaite.com\/en\/apie-mane\/","title":{"rendered":"About me"},"content":{"rendered":"<div data-elementor-type=\"wp-page\" data-elementor-id=\"197\" class=\"elementor elementor-197\">\n\t\t\t\t\t\t\t<div class=\"elementor-element elementor-element-85fa787 e-flex e-con-boxed e-con e-parent\" data-id=\"85fa787\" data-element_type=\"container\" data-settings=\"{&quot;content_width&quot;:&quot;boxed&quot;}\" data-core-v316-plus=\"true\">\n\t\t\t\t\t<div class=\"e-con-inner\">\n\t\t<div class=\"elementor-element elementor-element-ccf94ef e-con-full e-flex e-con e-child\" data-id=\"ccf94ef\" data-element_type=\"container\" data-settings=\"{&quot;content_width&quot;:&quot;full&quot;}\">\n\t\t\t\t<div class=\"elementor-element elementor-element-232123e elementor-widget elementor-widget-image\" data-id=\"232123e\" data-element_type=\"widget\" data-widget_type=\"image.default\">\n\t\t\t\t<div class=\"elementor-widget-container\">\n\t\t\t<style>\/*! elementor - v3.17.0 - 25-10-2023 *\/\n.elementor-widget-image{text-align:center}.elementor-widget-image a{display:inline-block}.elementor-widget-image a img[src$=\".svg\"]{width:48px}.elementor-widget-image img{vertical-align:middle;display:inline-block}<\/style>\t\t\t\t\t\t\t\t\t\t\t\t<img decoding=\"async\" loading=\"lazy\" width=\"684\" height=\"1024\" src=\"https:\/\/eglealeknaite.com\/wp-content\/uploads\/2023\/10\/b-w-1-684x1024.jpg\" class=\"attachment-large size-large wp-image-225\" alt=\"\" srcset=\"https:\/\/eglealeknaite.com\/wp-content\/uploads\/2023\/10\/b-w-1-684x1024.jpg 684w, https:\/\/eglealeknaite.com\/wp-content\/uploads\/2023\/10\/b-w-1-200x300.jpg 200w, https:\/\/eglealeknaite.com\/wp-content\/uploads\/2023\/10\/b-w-1-768x1150.jpg 768w, https:\/\/eglealeknaite.com\/wp-content\/uploads\/2023\/10\/b-w-1-1025x1536.jpg 1025w, https:\/\/eglealeknaite.com\/wp-content\/uploads\/2023\/10\/b-w-1-1367x2048.jpg 1367w, https:\/\/eglealeknaite.com\/wp-content\/uploads\/2023\/10\/b-w-1-8x12.jpg 8w, https:\/\/eglealeknaite.com\/wp-content\/uploads\/2023\/10\/b-w-1-571x855.jpg 571w, https:\/\/eglealeknaite.com\/wp-content\/uploads\/2023\/10\/b-w-1-scaled.jpg 1709w\" sizes=\"(max-width: 684px) 100vw, 684px\" \/>\t\t\t\t\t\t\t\t\t\t\t\t\t\t\t<\/div>\n\t\t\t\t<\/div>\n\t\t\t\t<\/div>\n\t\t<div class=\"elementor-element elementor-element-845b319 e-con-full e-flex e-con e-child\" data-id=\"845b319\" data-element_type=\"container\" data-settings=\"{&quot;content_width&quot;:&quot;full&quot;}\">\n\t\t<div class=\"elementor-element elementor-element-2b885ec e-flex e-con-boxed e-con e-child\" data-id=\"2b885ec\" data-element_type=\"container\" data-settings=\"{&quot;content_width&quot;:&quot;boxed&quot;}\">\n\t\t\t\t\t<div class=\"e-con-inner\">\n\t\t\t\t\t<\/div>\n\t\t\t\t<\/div>\n\t\t<div class=\"elementor-element elementor-element-d4cd7af e-flex e-con-boxed e-con e-child\" data-id=\"d4cd7af\" data-element_type=\"container\" data-settings=\"{&quot;content_width&quot;:&quot;boxed&quot;}\">\n\t\t\t\t\t<div class=\"e-con-inner\">\n\t\t\t\t<div class=\"elementor-element elementor-element-5d69d1f elementor-widget elementor-widget-text-editor\" data-id=\"5d69d1f\" data-element_type=\"widget\" data-widget_type=\"text-editor.default\">\n\t\t\t\t<div class=\"elementor-widget-container\">\n\t\t\t<style>\/*! elementor - v3.17.0 - 25-10-2023 *\/\n.elementor-widget-text-editor.elementor-drop-cap-view-stacked .elementor-drop-cap{background-color:#69727d;color:#fff}.elementor-widget-text-editor.elementor-drop-cap-view-framed .elementor-drop-cap{color:#69727d;border:3px solid;background-color:transparent}.elementor-widget-text-editor:not(.elementor-drop-cap-view-default) .elementor-drop-cap{margin-top:8px}.elementor-widget-text-editor:not(.elementor-drop-cap-view-default) .elementor-drop-cap-letter{width:1em;height:1em}.elementor-widget-text-editor .elementor-drop-cap{float:left;text-align:center;line-height:1;font-size:50px}.elementor-widget-text-editor .elementor-drop-cap-letter{display:inline-block}<\/style>\t\t\t\t<p>Mano k\u016brybinis kelias prasid\u0117jo jau vaikyst\u0117je. Penktoje klas\u0117je prad\u0117jau lankyti dail\u0117s u\u017esi\u0117mimus men\u0173 mokykloje. Labiausiai patiko tapyba bei keramika, po to i\u0161band\u017eiau ir menin\u0117s fotografijos subtilybes. Po vidurin\u0117s mokyklos pasirinkau racionalaus menininko keli\u0105 \u2013 studijavau tapybos restauravim\u0105. Tai man leido ne tik gilinti \u017einias tapybos srityje, bet ir perprasti tapybos k\u016brinio istorij\u0105 bei sandar\u0105. V\u0117liau, Vytauto Did\u017eiojo universitete, baigiau meno istorijos ir kritikos studijas. Nuo 2011 met\u0173 dirbu muziejininkyst\u0117s srityje. Taip pat rengiu asmenines tapybos ir fotografijos darb\u0173 parodas. K\u016bryba man \u2013 laisvalaikio u\u017es\u0117mimas, kuris leid\u017eia atsiriboti nuo kasdienio gyvenimo rutinos ir nepamesti tikrosios sav\u0119s.<\/p>\t\t\t\t\t\t<\/div>\n\t\t\t\t<\/div>\n\t\t\t\t\t<\/div>\n\t\t\t\t<\/div>\n\t\t\t\t<\/div>\n\t\t\t\t\t<\/div>\n\t\t\t\t<\/div>\n\t\t\t\t\t\t\t<\/div>","protected":false},"excerpt":{"rendered":"","protected":false},"author":1,"featured_media":0,"parent":0,"menu_order":0,"comment_status":"closed","ping_status":"closed","template":"","meta":{"om_disable_all_campaigns":false,"_monsterinsights_skip_tracking":false,"_monsterinsights_sitenote_active":false,"_monsterinsights_sitenote_note":"","_monsterinsights_sitenote_category":0,"footnotes":""},"yoast_head":"<!-- This site is optimized with the Yoast SEO plugin v22.6 - https:\/\/yoast.com\/wordpress\/plugins\/seo\/ -->\n<title>Apie mane - Egl\u0117 Aleknait\u0117 | Art Gallery<\/title>\n<meta name=\"robots\" content=\"index, follow, max-snippet:-1, max-image-preview:large, max-video-preview:-1\" \/>\n<link rel=\"canonical\" href=\"https:\/\/eglealeknaite.com\/en\/apie-mane\/\" \/>\n<meta property=\"og:locale\" content=\"en_US\" \/>\n<meta property=\"og:type\" content=\"article\" \/>\n<meta property=\"og:title\" content=\"Apie mane - Egl\u0117 Aleknait\u0117 | Art Gallery\" \/>\n<meta property=\"og:url\" content=\"https:\/\/eglealeknaite.com\/en\/apie-mane\/\" \/>\n<meta property=\"og:site_name\" content=\"Egl\u0117 Aleknait\u0117 | Art Gallery\" \/>\n<meta property=\"article:modified_time\" content=\"2023-10-26T16:50:17+00:00\" \/>\n<meta property=\"og:image\" content=\"http:\/\/eglealeknaite.com\/wp-content\/uploads\/2023\/10\/b-w-1-684x1024.jpg\" \/>\n<meta name=\"twitter:card\" content=\"summary_large_image\" \/>\n<meta name=\"twitter:label1\" content=\"Est. reading time\" \/>\n\t<meta name=\"twitter:data1\" content=\"1 minute\" \/>\n<script type=\"application\/ld+json\" class=\"yoast-schema-graph\">{\"@context\":\"https:\/\/schema.org\",\"@graph\":[{\"@type\":\"WebPage\",\"@id\":\"https:\/\/eglealeknaite.com\/apie-mane\/\",\"url\":\"https:\/\/eglealeknaite.com\/apie-mane\/\",\"name\":\"Apie mane - Egl\u0117 Aleknait\u0117 | Art Gallery\",\"isPartOf\":{\"@id\":\"https:\/\/eglealeknaite.com\/#website\"},\"primaryImageOfPage\":{\"@id\":\"https:\/\/eglealeknaite.com\/apie-mane\/#primaryimage\"},\"image\":{\"@id\":\"https:\/\/eglealeknaite.com\/apie-mane\/#primaryimage\"},\"thumbnailUrl\":\"http:\/\/eglealeknaite.com\/wp-content\/uploads\/2023\/10\/b-w-1-684x1024.jpg\",\"datePublished\":\"2023-10-25T06:57:21+00:00\",\"dateModified\":\"2023-10-26T16:50:17+00:00\",\"breadcrumb\":{\"@id\":\"https:\/\/eglealeknaite.com\/apie-mane\/#breadcrumb\"},\"inLanguage\":\"en-US\",\"potentialAction\":[{\"@type\":\"ReadAction\",\"target\":[\"https:\/\/eglealeknaite.com\/apie-mane\/\"]}]},{\"@type\":\"ImageObject\",\"inLanguage\":\"en-US\",\"@id\":\"https:\/\/eglealeknaite.com\/apie-mane\/#primaryimage\",\"url\":\"http:\/\/eglealeknaite.com\/wp-content\/uploads\/2023\/10\/b-w-1-684x1024.jpg\",\"contentUrl\":\"http:\/\/eglealeknaite.com\/wp-content\/uploads\/2023\/10\/b-w-1-684x1024.jpg\"},{\"@type\":\"BreadcrumbList\",\"@id\":\"https:\/\/eglealeknaite.com\/apie-mane\/#breadcrumb\",\"itemListElement\":[{\"@type\":\"ListItem\",\"position\":1,\"name\":\"Home\",\"item\":\"https:\/\/eglealeknaite.com\/\"},{\"@type\":\"ListItem\",\"position\":2,\"name\":\"Apie mane\"}]},{\"@type\":\"WebSite\",\"@id\":\"https:\/\/eglealeknaite.com\/#website\",\"url\":\"https:\/\/eglealeknaite.com\/\",\"name\":\"Egl\u0117 Aleknait\u0117 | Art Gallery\",\"description\":\"Egl\u0117 Aleknait\u0117 | Art Gallery\",\"potentialAction\":[{\"@type\":\"SearchAction\",\"target\":{\"@type\":\"EntryPoint\",\"urlTemplate\":\"https:\/\/eglealeknaite.com\/?s={search_term_string}\"},\"query-input\":\"required name=search_term_string\"}],\"inLanguage\":\"en-US\"}]}<\/script>\n<!-- \/ Yoast SEO plugin. -->","yoast_head_json":{"title":"Apie mane - Egl\u0117 Aleknait\u0117 | Art Gallery","robots":{"index":"index","follow":"follow","max-snippet":"max-snippet:-1","max-image-preview":"max-image-preview:large","max-video-preview":"max-video-preview:-1"},"canonical":"https:\/\/eglealeknaite.com\/en\/apie-mane\/","og_locale":"en_US","og_type":"article","og_title":"Apie mane - Egl\u0117 Aleknait\u0117 | Art Gallery","og_url":"https:\/\/eglealeknaite.com\/en\/apie-mane\/","og_site_name":"Egl\u0117 Aleknait\u0117 | Art Gallery","article_modified_time":"2023-10-26T16:50:17+00:00","og_image":[{"url":"http:\/\/eglealeknaite.com\/wp-content\/uploads\/2023\/10\/b-w-1-684x1024.jpg"}],"twitter_card":"summary_large_image","twitter_misc":{"Est. reading time":"1 minute"},"schema":{"@context":"https:\/\/schema.org","@graph":[{"@type":"WebPage","@id":"https:\/\/eglealeknaite.com\/apie-mane\/","url":"https:\/\/eglealeknaite.com\/apie-mane\/","name":"Apie mane - Egl\u0117 Aleknait\u0117 | Art Gallery","isPartOf":{"@id":"https:\/\/eglealeknaite.com\/#website"},"primaryImageOfPage":{"@id":"https:\/\/eglealeknaite.com\/apie-mane\/#primaryimage"},"image":{"@id":"https:\/\/eglealeknaite.com\/apie-mane\/#primaryimage"},"thumbnailUrl":"http:\/\/eglealeknaite.com\/wp-content\/uploads\/2023\/10\/b-w-1-684x1024.jpg","datePublished":"2023-10-25T06:57:21+00:00","dateModified":"2023-10-26T16:50:17+00:00","breadcrumb":{"@id":"https:\/\/eglealeknaite.com\/apie-mane\/#breadcrumb"},"inLanguage":"en-US","potentialAction":[{"@type":"ReadAction","target":["https:\/\/eglealeknaite.com\/apie-mane\/"]}]},{"@type":"ImageObject","inLanguage":"en-US","@id":"https:\/\/eglealeknaite.com\/apie-mane\/#primaryimage","url":"http:\/\/eglealeknaite.com\/wp-content\/uploads\/2023\/10\/b-w-1-684x1024.jpg","contentUrl":"http:\/\/eglealeknaite.com\/wp-content\/uploads\/2023\/10\/b-w-1-684x1024.jpg"},{"@type":"BreadcrumbList","@id":"https:\/\/eglealeknaite.com\/apie-mane\/#breadcrumb","itemListElement":[{"@type":"ListItem","position":1,"name":"Home","item":"https:\/\/eglealeknaite.com\/"},{"@type":"ListItem","position":2,"name":"Apie mane"}]},{"@type":"WebSite","@id":"https:\/\/eglealeknaite.com\/#website","url":"https:\/\/eglealeknaite.com\/","name":"Egl\u0117 Aleknait\u0117 | Art Gallery","description":"Egl\u0117 Aleknait\u0117 | Art Gallery","potentialAction":[{"@type":"SearchAction","target":{"@type":"EntryPoint","urlTemplate":"https:\/\/eglealeknaite.com\/?s={search_term_string}"},"query-input":"required name=search_term_string"}],"inLanguage":"en-US"}]}},"_links":{"self":[{"href":"https:\/\/eglealeknaite.com\/en\/wp-json\/wp\/v2\/pages\/197"}],"collection":[{"href":"https:\/\/eglealeknaite.com\/en\/wp-json\/wp\/v2\/pages"}],"about":[{"href":"https:\/\/eglealeknaite.com\/en\/wp-json\/wp\/v2\/types\/page"}],"author":[{"embeddable":true,"href":"https:\/\/eglealeknaite.com\/en\/wp-json\/wp\/v2\/users\/1"}],"replies":[{"embeddable":true,"href":"https:\/\/eglealeknaite.com\/en\/wp-json\/wp\/v2\/comments?post=197"}],"version-history":[{"count":10,"href":"https:\/\/eglealeknaite.com\/en\/wp-json\/wp\/v2\/pages\/197\/revisions"}],"predecessor-version":[{"id":407,"href":"https:\/\/eglealeknaite.com\/en\/wp-json\/wp\/v2\/pages\/197\/revisions\/407"}],"wp:attachment":[{"href":"https:\/\/eglealeknaite.com\/en\/wp-json\/wp\/v2\/media?parent=197"}],"curies":[{"name":"wp","href":"https:\/\/api.w.org\/{rel}","templated":true}]}}