{"id":200,"date":"2023-10-25T09:58:29","date_gmt":"2023-10-25T06:58:29","guid":{"rendered":"https:\/\/eglealeknaite.com\/?page_id=200"},"modified":"2023-10-25T18:48:27","modified_gmt":"2023-10-25T15:48:27","slug":"fotografija","status":"publish","type":"page","link":"https:\/\/eglealeknaite.com\/en\/fotografija\/","title":{"rendered":"Photography"},"content":{"rendered":"<div data-elementor-type=\"wp-page\" data-elementor-id=\"200\" class=\"elementor elementor-200\">\n\t\t\t\t\t\t\t<div class=\"elementor-element elementor-element-f49eabc e-flex e-con-boxed e-con e-parent\" data-id=\"f49eabc\" data-element_type=\"container\" data-settings=\"{&quot;content_width&quot;:&quot;boxed&quot;}\" data-core-v316-plus=\"true\">\n\t\t\t\t\t<div class=\"e-con-inner\">\n\t\t\t\t<div class=\"elementor-element elementor-element-75f54e7 elementor-widget elementor-widget-text-editor\" data-id=\"75f54e7\" data-element_type=\"widget\" data-widget_type=\"text-editor.default\">\n\t\t\t\t<div class=\"elementor-widget-container\">\n\t\t\t<style>\/*! elementor - v3.17.0 - 25-10-2023 *\/\n.elementor-widget-text-editor.elementor-drop-cap-view-stacked .elementor-drop-cap{background-color:#69727d;color:#fff}.elementor-widget-text-editor.elementor-drop-cap-view-framed .elementor-drop-cap{color:#69727d;border:3px solid;background-color:transparent}.elementor-widget-text-editor:not(.elementor-drop-cap-view-default) .elementor-drop-cap{margin-top:8px}.elementor-widget-text-editor:not(.elementor-drop-cap-view-default) .elementor-drop-cap-letter{width:1em;height:1em}.elementor-widget-text-editor .elementor-drop-cap{float:left;text-align:center;line-height:1;font-size:50px}.elementor-widget-text-editor .elementor-drop-cap-letter{display:inline-block}<\/style>\t\t\t\t<p>I occasionally exchange the brush for the camera. In contrast to painting when shooting, I deliberately avoid capturing people. As a person captures himself and those around him more often than his environment, I do the opposite capturing decorative objects of the environment such as techniques, architecture, elements of nature... In this way, the photo fixation of the details allows you to step back and to distance yourself from your own ego. Basically, the art of photography for me is associated with aesthetics. I look for both compositional coherence and destructiveness.<\/p>\t\t\t\t\t\t<\/div>\n\t\t\t\t<\/div>\n\t\t\t\t\t<\/div>\n\t\t\t\t<\/div>\n\t\t<div class=\"elementor-element elementor-element-f06dd96 e-flex e-con-boxed e-con e-parent\" data-id=\"f06dd96\" data-element_type=\"container\" data-settings=\"{&quot;content_width&quot;:&quot;boxed&quot;}\" data-core-v316-plus=\"true\">\n\t\t\t\t\t<div class=\"e-con-inner\">\n\t\t\t\t<div class=\"elementor-element elementor-element-b1af258 elementor-arrows-position-outside elementor-widget elementor-widget-image-carousel\" data-id=\"b1af258\" data-element_type=\"widget\" data-settings=\"{&quot;slides_to_show&quot;:&quot;1&quot;,&quot;navigation&quot;:&quot;arrows&quot;,&quot;autoplay&quot;:&quot;yes&quot;,&quot;pause_on_hover&quot;:&quot;yes&quot;,&quot;pause_on_interaction&quot;:&quot;yes&quot;,&quot;autoplay_speed&quot;:5000,&quot;infinite&quot;:&quot;yes&quot;,&quot;effect&quot;:&quot;slide&quot;,&quot;speed&quot;:500}\" data-widget_type=\"image-carousel.default\">\n\t\t\t\t<div class=\"elementor-widget-container\">\n\t\t\t<style>\/*! elementor - v3.17.0 - 25-10-2023 *\/\n.elementor-widget-image-carousel .swiper,.elementor-widget-image-carousel .swiper-container{position:static}.elementor-widget-image-carousel .swiper-container .swiper-slide figure,.elementor-widget-image-carousel .swiper .swiper-slide figure{line-height:inherit}.elementor-widget-image-carousel .swiper-slide{text-align:center}.elementor-image-carousel-wrapper:not(.swiper-container-initialized):not(.swiper-initialized) .swiper-slide{max-width:calc(100% \/ var(--e-image-carousel-slides-to-show, 3))}<\/style>\t\t<div class=\"elementor-image-carousel-wrapper swiper\" dir=\"ltr\">\n\t\t\t<div class=\"elementor-image-carousel swiper-wrapper\" aria-live=\"off\">\n\t\t\t\t\t\t\t\t<div class=\"swiper-slide\" role=\"group\" aria-roledescription=\"slide\" aria-label=\"1 of 6\"><a data-elementor-open-lightbox=\"yes\" data-elementor-lightbox-slideshow=\"b1af258\" data-elementor-lightbox-title=\"OLYMPUS DIGITAL CAMERA\" data-e-action-hash=\"#elementor-action%3Aaction%3Dlightbox%26settings%3DeyJpZCI6MjQ1LCJ1cmwiOiJodHRwczpcL1wvZWdsZWFsZWtuYWl0ZS5jb21cL3dwLWNvbnRlbnRcL3VwbG9hZHNcLzIwMjNcLzEwXC9QODA5MDA0Mi1zY2FsZWQuanBnIiwic2xpZGVzaG93IjoiYjFhZjI1OCJ9\" href=\"https:\/\/eglealeknaite.com\/wp-content\/uploads\/2023\/10\/P8090042-scaled.jpg\"><figure class=\"swiper-slide-inner\"><img decoding=\"async\" class=\"swiper-slide-image\" src=\"https:\/\/eglealeknaite.com\/wp-content\/uploads\/2023\/10\/P8090042-1024x768.jpg\" alt=\"OLYMPUS DIGITAL CAMERA\" \/><\/figure><\/a><\/div><div class=\"swiper-slide\" role=\"group\" aria-roledescription=\"slide\" aria-label=\"2 of 6\"><a data-elementor-open-lightbox=\"yes\" data-elementor-lightbox-slideshow=\"b1af258\" data-elementor-lightbox-title=\"OLYMPUS DIGITAL CAMERA\" data-e-action-hash=\"#elementor-action%3Aaction%3Dlightbox%26settings%3DeyJpZCI6MjQ0LCJ1cmwiOiJodHRwczpcL1wvZWdsZWFsZWtuYWl0ZS5jb21cL3dwLWNvbnRlbnRcL3VwbG9hZHNcLzIwMjNcLzEwXC9QODA5MDA0My1zY2FsZWQuanBnIiwic2xpZGVzaG93IjoiYjFhZjI1OCJ9\" href=\"https:\/\/eglealeknaite.com\/wp-content\/uploads\/2023\/10\/P8090043-scaled.jpg\"><figure class=\"swiper-slide-inner\"><img decoding=\"async\" class=\"swiper-slide-image\" src=\"https:\/\/eglealeknaite.com\/wp-content\/uploads\/2023\/10\/P8090043-1024x768.jpg\" alt=\"OLYMPUS DIGITAL CAMERA\" \/><\/figure><\/a><\/div><div class=\"swiper-slide\" role=\"group\" aria-roledescription=\"slide\" aria-label=\"3 of 6\"><a data-elementor-open-lightbox=\"yes\" data-elementor-lightbox-slideshow=\"b1af258\" data-elementor-lightbox-title=\"_IGP0461\" data-e-action-hash=\"#elementor-action%3Aaction%3Dlightbox%26settings%3DeyJpZCI6MjQzLCJ1cmwiOiJodHRwczpcL1wvZWdsZWFsZWtuYWl0ZS5jb21cL3dwLWNvbnRlbnRcL3VwbG9hZHNcLzIwMjNcLzEwXC9JR1AwNDYxLXNjYWxlZC5qcGciLCJzbGlkZXNob3ciOiJiMWFmMjU4In0%3D\" href=\"https:\/\/eglealeknaite.com\/wp-content\/uploads\/2023\/10\/IGP0461-scaled.jpg\"><figure class=\"swiper-slide-inner\"><img decoding=\"async\" class=\"swiper-slide-image\" src=\"https:\/\/eglealeknaite.com\/wp-content\/uploads\/2023\/10\/IGP0461-1024x680.jpg\" alt=\"_IGP0461\" \/><\/figure><\/a><\/div><div class=\"swiper-slide\" role=\"group\" aria-roledescription=\"slide\" aria-label=\"4 of 6\"><a data-elementor-open-lightbox=\"yes\" data-elementor-lightbox-slideshow=\"b1af258\" data-elementor-lightbox-title=\"_IGP0475\" data-e-action-hash=\"#elementor-action%3Aaction%3Dlightbox%26settings%3DeyJpZCI6MjQyLCJ1cmwiOiJodHRwczpcL1wvZWdsZWFsZWtuYWl0ZS5jb21cL3dwLWNvbnRlbnRcL3VwbG9hZHNcLzIwMjNcLzEwXC9JR1AwNDc1LXNjYWxlZC5qcGciLCJzbGlkZXNob3ciOiJiMWFmMjU4In0%3D\" href=\"https:\/\/eglealeknaite.com\/wp-content\/uploads\/2023\/10\/IGP0475-scaled.jpg\"><figure class=\"swiper-slide-inner\"><img decoding=\"async\" class=\"swiper-slide-image\" src=\"https:\/\/eglealeknaite.com\/wp-content\/uploads\/2023\/10\/IGP0475-680x1024.jpg\" alt=\"_IGP0475\" \/><\/figure><\/a><\/div><div class=\"swiper-slide\" role=\"group\" aria-roledescription=\"slide\" aria-label=\"5 of 6\"><a data-elementor-open-lightbox=\"yes\" data-elementor-lightbox-slideshow=\"b1af258\" data-elementor-lightbox-title=\"_IGP0882\" data-e-action-hash=\"#elementor-action%3Aaction%3Dlightbox%26settings%3DeyJpZCI6MjQxLCJ1cmwiOiJodHRwczpcL1wvZWdsZWFsZWtuYWl0ZS5jb21cL3dwLWNvbnRlbnRcL3VwbG9hZHNcLzIwMjNcLzEwXC9JR1AwODgyLXNjYWxlZC5qcGciLCJzbGlkZXNob3ciOiJiMWFmMjU4In0%3D\" href=\"https:\/\/eglealeknaite.com\/wp-content\/uploads\/2023\/10\/IGP0882-scaled.jpg\"><figure class=\"swiper-slide-inner\"><img decoding=\"async\" class=\"swiper-slide-image\" src=\"https:\/\/eglealeknaite.com\/wp-content\/uploads\/2023\/10\/IGP0882-1024x680.jpg\" alt=\"_IGP0882\" \/><\/figure><\/a><\/div><div class=\"swiper-slide\" role=\"group\" aria-roledescription=\"slide\" aria-label=\"6 of 6\"><a data-elementor-open-lightbox=\"yes\" data-elementor-lightbox-slideshow=\"b1af258\" data-elementor-lightbox-title=\"_IGP0833\" data-e-action-hash=\"#elementor-action%3Aaction%3Dlightbox%26settings%3DeyJpZCI6MjQwLCJ1cmwiOiJodHRwczpcL1wvZWdsZWFsZWtuYWl0ZS5jb21cL3dwLWNvbnRlbnRcL3VwbG9hZHNcLzIwMjNcLzEwXC9JR1AwODMzLXNjYWxlZC5qcGciLCJzbGlkZXNob3ciOiJiMWFmMjU4In0%3D\" href=\"https:\/\/eglealeknaite.com\/wp-content\/uploads\/2023\/10\/IGP0833-scaled.jpg\"><figure class=\"swiper-slide-inner\"><img decoding=\"async\" class=\"swiper-slide-image\" src=\"https:\/\/eglealeknaite.com\/wp-content\/uploads\/2023\/10\/IGP0833-1024x744.jpg\" alt=\"_IGP0833\" \/><\/figure><\/a><\/div>\t\t\t<\/div>\n\t\t\t\t\t\t\t\t\t\t\t\t<div class=\"elementor-swiper-button elementor-swiper-button-prev\" role=\"button\" tabindex=\"0\">\n\t\t\t\t\t\t<i aria-hidden=\"true\" class=\"eicon-chevron-left\"><\/i>\t\t\t\t\t<\/div>\n\t\t\t\t\t<div class=\"elementor-swiper-button elementor-swiper-button-next\" role=\"button\" tabindex=\"0\">\n\t\t\t\t\t\t<i aria-hidden=\"true\" class=\"eicon-chevron-right\"><\/i>\t\t\t\t\t<\/div>\n\t\t\t\t\n\t\t\t\t\t\t\t\t\t<\/div>\n\t\t\t\t<\/div>\n\t\t\t\t<\/div>\n\t\t\t\t\t<\/div>\n\t\t\t\t<\/div>\n\t\t\t\t\t\t\t<\/div>","protected":false},"excerpt":{"rendered":"","protected":false},"author":1,"featured_media":0,"parent":0,"menu_order":0,"comment_status":"closed","ping_status":"closed","template":"","meta":{"om_disable_all_campaigns":false,"_monsterinsights_skip_tracking":false,"_monsterinsights_sitenote_active":false,"_monsterinsights_sitenote_note":"","_monsterinsights_sitenote_category":0,"footnotes":""},"yoast_head":"<!-- This site is optimized with the Yoast SEO plugin v22.6 - https:\/\/yoast.com\/wordpress\/plugins\/seo\/ -->\n<title>Fotografija - Egl\u0117 Aleknait\u0117 | Art Gallery<\/title>\n<meta name=\"robots\" content=\"index, follow, max-snippet:-1, max-image-preview:large, max-video-preview:-1\" \/>\n<link rel=\"canonical\" href=\"https:\/\/eglealeknaite.com\/en\/fotografija\/\" \/>\n<meta property=\"og:locale\" content=\"en_US\" \/>\n<meta property=\"og:type\" content=\"article\" \/>\n<meta property=\"og:title\" content=\"Fotografija - Egl\u0117 Aleknait\u0117 | Art Gallery\" \/>\n<meta property=\"og:url\" content=\"https:\/\/eglealeknaite.com\/en\/fotografija\/\" \/>\n<meta property=\"og:site_name\" content=\"Egl\u0117 Aleknait\u0117 | Art Gallery\" \/>\n<meta property=\"article:modified_time\" content=\"2023-10-25T15:48:27+00:00\" \/>\n<meta property=\"og:image\" content=\"http:\/\/eglealeknaite.com\/wp-content\/uploads\/2023\/10\/P8090042-1024x768.jpg\" \/>\n<meta name=\"twitter:card\" content=\"summary_large_image\" \/>\n<meta name=\"twitter:label1\" content=\"Est. reading time\" \/>\n\t<meta name=\"twitter:data1\" content=\"2 minutes\" \/>\n<script type=\"application\/ld+json\" class=\"yoast-schema-graph\">{\"@context\":\"https:\/\/schema.org\",\"@graph\":[{\"@type\":\"WebPage\",\"@id\":\"https:\/\/eglealeknaite.com\/fotografija\/\",\"url\":\"https:\/\/eglealeknaite.com\/fotografija\/\",\"name\":\"Fotografija - Egl\u0117 Aleknait\u0117 | Art Gallery\",\"isPartOf\":{\"@id\":\"https:\/\/eglealeknaite.com\/#website\"},\"primaryImageOfPage\":{\"@id\":\"https:\/\/eglealeknaite.com\/fotografija\/#primaryimage\"},\"image\":{\"@id\":\"https:\/\/eglealeknaite.com\/fotografija\/#primaryimage\"},\"thumbnailUrl\":\"http:\/\/eglealeknaite.com\/wp-content\/uploads\/2023\/10\/P8090042-1024x768.jpg\",\"datePublished\":\"2023-10-25T06:58:29+00:00\",\"dateModified\":\"2023-10-25T15:48:27+00:00\",\"breadcrumb\":{\"@id\":\"https:\/\/eglealeknaite.com\/fotografija\/#breadcrumb\"},\"inLanguage\":\"en-US\",\"potentialAction\":[{\"@type\":\"ReadAction\",\"target\":[\"https:\/\/eglealeknaite.com\/fotografija\/\"]}]},{\"@type\":\"ImageObject\",\"inLanguage\":\"en-US\",\"@id\":\"https:\/\/eglealeknaite.com\/fotografija\/#primaryimage\",\"url\":\"http:\/\/eglealeknaite.com\/wp-content\/uploads\/2023\/10\/P8090042-1024x768.jpg\",\"contentUrl\":\"http:\/\/eglealeknaite.com\/wp-content\/uploads\/2023\/10\/P8090042-1024x768.jpg\"},{\"@type\":\"BreadcrumbList\",\"@id\":\"https:\/\/eglealeknaite.com\/fotografija\/#breadcrumb\",\"itemListElement\":[{\"@type\":\"ListItem\",\"position\":1,\"name\":\"Home\",\"item\":\"https:\/\/eglealeknaite.com\/\"},{\"@type\":\"ListItem\",\"position\":2,\"name\":\"Fotografija\"}]},{\"@type\":\"WebSite\",\"@id\":\"https:\/\/eglealeknaite.com\/#website\",\"url\":\"https:\/\/eglealeknaite.com\/\",\"name\":\"Egl\u0117 Aleknait\u0117 | Art Gallery\",\"description\":\"Egl\u0117 Aleknait\u0117 | Art Gallery\",\"potentialAction\":[{\"@type\":\"SearchAction\",\"target\":{\"@type\":\"EntryPoint\",\"urlTemplate\":\"https:\/\/eglealeknaite.com\/?s={search_term_string}\"},\"query-input\":\"required name=search_term_string\"}],\"inLanguage\":\"en-US\"}]}<\/script>\n<!-- \/ Yoast SEO plugin. -->","yoast_head_json":{"title":"Fotografija - Egl\u0117 Aleknait\u0117 | Art Gallery","robots":{"index":"index","follow":"follow","max-snippet":"max-snippet:-1","max-image-preview":"max-image-preview:large","max-video-preview":"max-video-preview:-1"},"canonical":"https:\/\/eglealeknaite.com\/en\/fotografija\/","og_locale":"en_US","og_type":"article","og_title":"Fotografija - Egl\u0117 Aleknait\u0117 | Art Gallery","og_url":"https:\/\/eglealeknaite.com\/en\/fotografija\/","og_site_name":"Egl\u0117 Aleknait\u0117 | Art Gallery","article_modified_time":"2023-10-25T15:48:27+00:00","og_image":[{"url":"http:\/\/eglealeknaite.com\/wp-content\/uploads\/2023\/10\/P8090042-1024x768.jpg"}],"twitter_card":"summary_large_image","twitter_misc":{"Est. reading time":"2 minutes"},"schema":{"@context":"https:\/\/schema.org","@graph":[{"@type":"WebPage","@id":"https:\/\/eglealeknaite.com\/fotografija\/","url":"https:\/\/eglealeknaite.com\/fotografija\/","name":"Fotografija - Egl\u0117 Aleknait\u0117 | Art Gallery","isPartOf":{"@id":"https:\/\/eglealeknaite.com\/#website"},"primaryImageOfPage":{"@id":"https:\/\/eglealeknaite.com\/fotografija\/#primaryimage"},"image":{"@id":"https:\/\/eglealeknaite.com\/fotografija\/#primaryimage"},"thumbnailUrl":"http:\/\/eglealeknaite.com\/wp-content\/uploads\/2023\/10\/P8090042-1024x768.jpg","datePublished":"2023-10-25T06:58:29+00:00","dateModified":"2023-10-25T15:48:27+00:00","breadcrumb":{"@id":"https:\/\/eglealeknaite.com\/fotografija\/#breadcrumb"},"inLanguage":"en-US","potentialAction":[{"@type":"ReadAction","target":["https:\/\/eglealeknaite.com\/fotografija\/"]}]},{"@type":"ImageObject","inLanguage":"en-US","@id":"https:\/\/eglealeknaite.com\/fotografija\/#primaryimage","url":"http:\/\/eglealeknaite.com\/wp-content\/uploads\/2023\/10\/P8090042-1024x768.jpg","contentUrl":"http:\/\/eglealeknaite.com\/wp-content\/uploads\/2023\/10\/P8090042-1024x768.jpg"},{"@type":"BreadcrumbList","@id":"https:\/\/eglealeknaite.com\/fotografija\/#breadcrumb","itemListElement":[{"@type":"ListItem","position":1,"name":"Home","item":"https:\/\/eglealeknaite.com\/"},{"@type":"ListItem","position":2,"name":"Fotografija"}]},{"@type":"WebSite","@id":"https:\/\/eglealeknaite.com\/#website","url":"https:\/\/eglealeknaite.com\/","name":"Egl\u0117 Aleknait\u0117 | Art Gallery","description":"Egl\u0117 Aleknait\u0117 | Art Gallery","potentialAction":[{"@type":"SearchAction","target":{"@type":"EntryPoint","urlTemplate":"https:\/\/eglealeknaite.com\/?s={search_term_string}"},"query-input":"required name=search_term_string"}],"inLanguage":"en-US"}]}},"_links":{"self":[{"href":"https:\/\/eglealeknaite.com\/en\/wp-json\/wp\/v2\/pages\/200"}],"collection":[{"href":"https:\/\/eglealeknaite.com\/en\/wp-json\/wp\/v2\/pages"}],"about":[{"href":"https:\/\/eglealeknaite.com\/en\/wp-json\/wp\/v2\/types\/page"}],"author":[{"embeddable":true,"href":"https:\/\/eglealeknaite.com\/en\/wp-json\/wp\/v2\/users\/1"}],"replies":[{"embeddable":true,"href":"https:\/\/eglealeknaite.com\/en\/wp-json\/wp\/v2\/comments?post=200"}],"version-history":[{"count":10,"href":"https:\/\/eglealeknaite.com\/en\/wp-json\/wp\/v2\/pages\/200\/revisions"}],"predecessor-version":[{"id":252,"href":"https:\/\/eglealeknaite.com\/en\/wp-json\/wp\/v2\/pages\/200\/revisions\/252"}],"wp:attachment":[{"href":"https:\/\/eglealeknaite.com\/en\/wp-json\/wp\/v2\/media?parent=200"}],"curies":[{"name":"wp","href":"https:\/\/api.w.org\/{rel}","templated":true}]}}