{"id":202,"date":"2023-10-25T09:58:56","date_gmt":"2023-10-25T06:58:56","guid":{"rendered":"https:\/\/eglealeknaite.com\/?page_id=202"},"modified":"2023-10-26T13:40:43","modified_gmt":"2023-10-26T10:40:43","slug":"senu-grafikos-darbu-galerija","status":"publish","type":"page","link":"https:\/\/eglealeknaite.com\/en\/senu-grafikos-darbu-galerija\/","title":{"rendered":"Old graphics work gallery"},"content":{"rendered":"<div data-elementor-type=\"wp-page\" data-elementor-id=\"202\" class=\"elementor elementor-202\">\n\t\t\t\t\t\t\t<div class=\"elementor-element elementor-element-3555838 e-flex e-con-boxed e-con e-parent\" data-id=\"3555838\" data-element_type=\"container\" data-settings=\"{&quot;content_width&quot;:&quot;boxed&quot;}\" data-core-v316-plus=\"true\">\n\t\t\t\t\t<div class=\"e-con-inner\">\n\t\t\t\t<div class=\"elementor-element elementor-element-20bd792 elementor-widget elementor-widget-text-editor\" data-id=\"20bd792\" data-element_type=\"widget\" data-widget_type=\"text-editor.default\">\n\t\t\t\t<div class=\"elementor-widget-container\">\n\t\t\t<style>\/*! elementor - v3.17.0 - 25-10-2023 *\/\n.elementor-widget-text-editor.elementor-drop-cap-view-stacked .elementor-drop-cap{background-color:#69727d;color:#fff}.elementor-widget-text-editor.elementor-drop-cap-view-framed .elementor-drop-cap{color:#69727d;border:3px solid;background-color:transparent}.elementor-widget-text-editor:not(.elementor-drop-cap-view-default) .elementor-drop-cap{margin-top:8px}.elementor-widget-text-editor:not(.elementor-drop-cap-view-default) .elementor-drop-cap-letter{width:1em;height:1em}.elementor-widget-text-editor .elementor-drop-cap{float:left;text-align:center;line-height:1;font-size:50px}.elementor-widget-text-editor .elementor-drop-cap-letter{display:inline-block}<\/style>\t\t\t\t<p>Another passion is to look for amazing antique art. I experience great joy walking around fairs, markets, auctions and sales to find a perfect old painting for modern eclectic home.<\/p><p>\u00a0\u00a0\u00a0\u00a0\u00a0\u00a0\u00a0\u00a0\u00a0\u00a0\u00a0 None of the graphic works in my gallery are new as history and the past are an integral part of art. Each treasure which is found is sold already resurrected to a new life and dressed in a new robe. Bored and discarded graphic works seem to come to life when I adjust new and high-quality frames to them, choose a mat, put on anti-reflective glass. As a museum worker, I also satisfy the need to preserve valuable objects of human creation and support the purposeful idea of sustainability.<\/p>\t\t\t\t\t\t<\/div>\n\t\t\t\t<\/div>\n\t\t\t\t\t<\/div>\n\t\t\t\t<\/div>\n\t\t<div class=\"elementor-element elementor-element-6ea2693 e-flex e-con-boxed e-con e-parent\" data-id=\"6ea2693\" data-element_type=\"container\" data-settings=\"{&quot;content_width&quot;:&quot;boxed&quot;}\" data-core-v316-plus=\"true\">\n\t\t\t\t\t<div class=\"e-con-inner\">\n\t\t\t\t<div class=\"elementor-element elementor-element-50ba12a elementor-grid-eael-col-3 elementor-grid-tablet-eael-col-2 elementor-grid-mobile-eael-col-1 elementor-widget elementor-widget-eael-post-grid\" data-id=\"50ba12a\" data-element_type=\"widget\" data-settings=\"{&quot;eael_post_grid_columns&quot;:&quot;eael-col-3&quot;,&quot;eael_post_grid_columns_tablet&quot;:&quot;eael-col-2&quot;,&quot;eael_post_grid_columns_mobile&quot;:&quot;eael-col-1&quot;}\" data-widget_type=\"eael-post-grid.default\">\n\t\t\t\t<div class=\"elementor-widget-container\">\n\t\t\t<div id=\"eael-post-grid-50ba12a\" class=\"eael-post-grid-container\">\n            <div class=\"eael-post-grid eael-post-appender eael-post-appender-50ba12a eael-post-grid-style-default\" data-layout-mode=\"grid\"><article class=\"eael-grid-post eael-post-grid-column\" data-id=\"339\">\n        <div class=\"eael-grid-post-holder\">\n            <div class=\"eael-grid-post-holder-inner\"><div class=\"eael-entry-media\"><div class=\"eael-entry-overlay fade-in\"><i class=\"fas fa-long-arrow-alt-right\" aria-hidden=\"true\"><\/i><a href=\"https:\/\/eglealeknaite.com\/en\/2023\/10\/26\/namelis-xx-a-ii-puse-autorius-nezinomas\/\"><\/a><\/div><div class=\"eael-entry-thumbnail\">\n                <img loading=\"lazy\" width=\"800\" height=\"800\" src=\"https:\/\/eglealeknaite.com\/wp-content\/uploads\/2023\/10\/3-1-800x800.jpg\" class=\"attachment-exs-square size-exs-square wp-image-342\" alt=\"Namelis, XX a. II pus\u0117. Autorius ne\u017einomas ofortas 36 x 36 cm.\" decoding=\"async\" srcset=\"https:\/\/eglealeknaite.com\/wp-content\/uploads\/2023\/10\/3-1-800x800.jpg 800w, https:\/\/eglealeknaite.com\/wp-content\/uploads\/2023\/10\/3-1-150x150.jpg 150w, https:\/\/eglealeknaite.com\/wp-content\/uploads\/2023\/10\/3-1-12x12.jpg 12w\" sizes=\"(max-width: 800px) 100vw, 800px\" \/>\n            <\/div>\n        <\/div><div class=\"eael-entry-wrapper\"><header class=\"eael-entry-header\"><h2 class=\"eael-entry-title\"><a\n                        class=\"eael-grid-post-link\"\n                        href=\"https:\/\/eglealeknaite.com\/en\/2023\/10\/26\/namelis-xx-a-ii-puse-autorius-nezinomas\/\"\n                        title=\"House, XX c. II. Author unknown\">House, XX c. II. Author unknown<\/a><\/h2><\/header><\/div><\/div>\n        <\/div>\n    <\/article><article class=\"eael-grid-post eael-post-grid-column\" data-id=\"338\">\n        <div class=\"eael-grid-post-holder\">\n            <div class=\"eael-grid-post-holder-inner\"><div class=\"eael-entry-media\"><div class=\"eael-entry-overlay fade-in\"><i class=\"fas fa-long-arrow-alt-right\" aria-hidden=\"true\"><\/i><a href=\"https:\/\/eglealeknaite.com\/en\/2023\/10\/26\/urbanistinis-peizazas-xx-a-ii-puse-autorius-j-bama\/\"><\/a><\/div><div class=\"eael-entry-thumbnail\">\n                <img loading=\"lazy\" width=\"800\" height=\"800\" src=\"https:\/\/eglealeknaite.com\/wp-content\/uploads\/2023\/10\/2-1-800x800.jpg\" class=\"attachment-exs-square size-exs-square wp-image-340\" alt=\"Urbanistinis peiza\u017eas, XX a. II pus\u0117. Autorius J. Bama vario rai\u017einys 43 x 33 cm.\" decoding=\"async\" srcset=\"https:\/\/eglealeknaite.com\/wp-content\/uploads\/2023\/10\/2-1-800x800.jpg 800w, https:\/\/eglealeknaite.com\/wp-content\/uploads\/2023\/10\/2-1-150x150.jpg 150w\" sizes=\"(max-width: 800px) 100vw, 800px\" \/>\n            <\/div>\n        <\/div><div class=\"eael-entry-wrapper\"><header class=\"eael-entry-header\"><h2 class=\"eael-entry-title\"><a\n                        class=\"eael-grid-post-link\"\n                        href=\"https:\/\/eglealeknaite.com\/en\/2023\/10\/26\/urbanistinis-peizazas-xx-a-ii-puse-autorius-j-bama\/\"\n                        title=\"Urban landscape, XX c. II. Author unknown\">Urban landscape, XX c. II. Author unknown<\/a><\/h2><\/header><\/div><\/div>\n        <\/div>\n    <\/article><article class=\"eael-grid-post eael-post-grid-column\" data-id=\"329\">\n        <div class=\"eael-grid-post-holder\">\n            <div class=\"eael-grid-post-holder-inner\"><div class=\"eael-entry-media\"><div class=\"eael-entry-overlay fade-in\"><i class=\"fas fa-long-arrow-alt-right\" aria-hidden=\"true\"><\/i><a href=\"https:\/\/eglealeknaite.com\/en\/2023\/10\/26\/bebras-xx-a-ii-puse-autorius-j-c-renaud\/\"><\/a><\/div><div class=\"eael-entry-thumbnail\">\n                <img loading=\"lazy\" width=\"800\" height=\"800\" src=\"https:\/\/eglealeknaite.com\/wp-content\/uploads\/2023\/10\/1-1-800x800.jpg\" class=\"attachment-exs-square size-exs-square wp-image-336\" alt=\"Bebras, XX a. II pus\u0117. Autorius J. C. Renaud vario rai\u017einys 36,5 x 30, 5 cm.\" decoding=\"async\" srcset=\"https:\/\/eglealeknaite.com\/wp-content\/uploads\/2023\/10\/1-1-800x800.jpg 800w, https:\/\/eglealeknaite.com\/wp-content\/uploads\/2023\/10\/1-1-150x150.jpg 150w\" sizes=\"(max-width: 800px) 100vw, 800px\" \/>\n            <\/div>\n        <\/div><div class=\"eael-entry-wrapper\"><header class=\"eael-entry-header\"><h2 class=\"eael-entry-title\"><a\n                        class=\"eael-grid-post-link\"\n                        href=\"https:\/\/eglealeknaite.com\/en\/2023\/10\/26\/bebras-xx-a-ii-puse-autorius-j-c-renaud\/\"\n                        title=\"Beaver, XX c. II, Author J. C. Renaud\">Beaver, XX c. II, Author J. C. Renaud<\/a><\/h2><\/header><\/div><\/div>\n        <\/div>\n    <\/article><\/div>\n            <div class=\"clearfix\"><\/div>\n        <\/div>\t\t<\/div>\n\t\t\t\t<\/div>\n\t\t\t\t\t<\/div>\n\t\t\t\t<\/div>\n\t\t\t\t\t\t\t<\/div>","protected":false},"excerpt":{"rendered":"","protected":false},"author":1,"featured_media":0,"parent":0,"menu_order":0,"comment_status":"closed","ping_status":"closed","template":"","meta":{"om_disable_all_campaigns":false,"_monsterinsights_skip_tracking":false,"_monsterinsights_sitenote_active":false,"_monsterinsights_sitenote_note":"","_monsterinsights_sitenote_category":0,"footnotes":""},"yoast_head":"<!-- This site is optimized with the Yoast SEO plugin v22.6 - https:\/\/yoast.com\/wordpress\/plugins\/seo\/ -->\n<title>Sen\u0173 grafikos darb\u0173 galerija - Egl\u0117 Aleknait\u0117 | Art Gallery<\/title>\n<meta name=\"robots\" content=\"index, follow, max-snippet:-1, max-image-preview:large, max-video-preview:-1\" \/>\n<link rel=\"canonical\" href=\"https:\/\/eglealeknaite.com\/en\/senu-grafikos-darbu-galerija\/\" \/>\n<meta property=\"og:locale\" content=\"en_US\" \/>\n<meta property=\"og:type\" content=\"article\" \/>\n<meta property=\"og:title\" content=\"Sen\u0173 grafikos darb\u0173 galerija - Egl\u0117 Aleknait\u0117 | Art Gallery\" \/>\n<meta property=\"og:url\" content=\"https:\/\/eglealeknaite.com\/en\/senu-grafikos-darbu-galerija\/\" \/>\n<meta property=\"og:site_name\" content=\"Egl\u0117 Aleknait\u0117 | Art Gallery\" \/>\n<meta property=\"article:modified_time\" content=\"2023-10-26T10:40:43+00:00\" \/>\n<meta property=\"og:image\" content=\"http:\/\/eglealeknaite.com\/wp-content\/uploads\/2023\/10\/3-1-800x800.jpg\" \/>\n<meta name=\"twitter:card\" content=\"summary_large_image\" \/>\n<meta name=\"twitter:label1\" content=\"Est. reading time\" \/>\n\t<meta name=\"twitter:data1\" content=\"2 minutes\" \/>\n<script type=\"application\/ld+json\" class=\"yoast-schema-graph\">{\"@context\":\"https:\/\/schema.org\",\"@graph\":[{\"@type\":\"WebPage\",\"@id\":\"https:\/\/eglealeknaite.com\/senu-grafikos-darbu-galerija\/\",\"url\":\"https:\/\/eglealeknaite.com\/senu-grafikos-darbu-galerija\/\",\"name\":\"Sen\u0173 grafikos darb\u0173 galerija - Egl\u0117 Aleknait\u0117 | Art Gallery\",\"isPartOf\":{\"@id\":\"https:\/\/eglealeknaite.com\/#website\"},\"primaryImageOfPage\":{\"@id\":\"https:\/\/eglealeknaite.com\/senu-grafikos-darbu-galerija\/#primaryimage\"},\"image\":{\"@id\":\"https:\/\/eglealeknaite.com\/senu-grafikos-darbu-galerija\/#primaryimage\"},\"thumbnailUrl\":\"http:\/\/eglealeknaite.com\/wp-content\/uploads\/2023\/10\/3-1-800x800.jpg\",\"datePublished\":\"2023-10-25T06:58:56+00:00\",\"dateModified\":\"2023-10-26T10:40:43+00:00\",\"breadcrumb\":{\"@id\":\"https:\/\/eglealeknaite.com\/senu-grafikos-darbu-galerija\/#breadcrumb\"},\"inLanguage\":\"en-US\",\"potentialAction\":[{\"@type\":\"ReadAction\",\"target\":[\"https:\/\/eglealeknaite.com\/senu-grafikos-darbu-galerija\/\"]}]},{\"@type\":\"ImageObject\",\"inLanguage\":\"en-US\",\"@id\":\"https:\/\/eglealeknaite.com\/senu-grafikos-darbu-galerija\/#primaryimage\",\"url\":\"http:\/\/eglealeknaite.com\/wp-content\/uploads\/2023\/10\/3-1-800x800.jpg\",\"contentUrl\":\"http:\/\/eglealeknaite.com\/wp-content\/uploads\/2023\/10\/3-1-800x800.jpg\"},{\"@type\":\"BreadcrumbList\",\"@id\":\"https:\/\/eglealeknaite.com\/senu-grafikos-darbu-galerija\/#breadcrumb\",\"itemListElement\":[{\"@type\":\"ListItem\",\"position\":1,\"name\":\"Home\",\"item\":\"https:\/\/eglealeknaite.com\/\"},{\"@type\":\"ListItem\",\"position\":2,\"name\":\"Sen\u0173 grafikos darb\u0173 galerija\"}]},{\"@type\":\"WebSite\",\"@id\":\"https:\/\/eglealeknaite.com\/#website\",\"url\":\"https:\/\/eglealeknaite.com\/\",\"name\":\"Egl\u0117 Aleknait\u0117 | Art Gallery\",\"description\":\"Egl\u0117 Aleknait\u0117 | Art Gallery\",\"potentialAction\":[{\"@type\":\"SearchAction\",\"target\":{\"@type\":\"EntryPoint\",\"urlTemplate\":\"https:\/\/eglealeknaite.com\/?s={search_term_string}\"},\"query-input\":\"required name=search_term_string\"}],\"inLanguage\":\"en-US\"}]}<\/script>\n<!-- \/ Yoast SEO plugin. -->","yoast_head_json":{"title":"Sen\u0173 grafikos darb\u0173 galerija - Egl\u0117 Aleknait\u0117 | Art Gallery","robots":{"index":"index","follow":"follow","max-snippet":"max-snippet:-1","max-image-preview":"max-image-preview:large","max-video-preview":"max-video-preview:-1"},"canonical":"https:\/\/eglealeknaite.com\/en\/senu-grafikos-darbu-galerija\/","og_locale":"en_US","og_type":"article","og_title":"Sen\u0173 grafikos darb\u0173 galerija - Egl\u0117 Aleknait\u0117 | Art Gallery","og_url":"https:\/\/eglealeknaite.com\/en\/senu-grafikos-darbu-galerija\/","og_site_name":"Egl\u0117 Aleknait\u0117 | Art Gallery","article_modified_time":"2023-10-26T10:40:43+00:00","og_image":[{"url":"http:\/\/eglealeknaite.com\/wp-content\/uploads\/2023\/10\/3-1-800x800.jpg"}],"twitter_card":"summary_large_image","twitter_misc":{"Est. reading time":"2 minutes"},"schema":{"@context":"https:\/\/schema.org","@graph":[{"@type":"WebPage","@id":"https:\/\/eglealeknaite.com\/senu-grafikos-darbu-galerija\/","url":"https:\/\/eglealeknaite.com\/senu-grafikos-darbu-galerija\/","name":"Sen\u0173 grafikos darb\u0173 galerija - Egl\u0117 Aleknait\u0117 | Art Gallery","isPartOf":{"@id":"https:\/\/eglealeknaite.com\/#website"},"primaryImageOfPage":{"@id":"https:\/\/eglealeknaite.com\/senu-grafikos-darbu-galerija\/#primaryimage"},"image":{"@id":"https:\/\/eglealeknaite.com\/senu-grafikos-darbu-galerija\/#primaryimage"},"thumbnailUrl":"http:\/\/eglealeknaite.com\/wp-content\/uploads\/2023\/10\/3-1-800x800.jpg","datePublished":"2023-10-25T06:58:56+00:00","dateModified":"2023-10-26T10:40:43+00:00","breadcrumb":{"@id":"https:\/\/eglealeknaite.com\/senu-grafikos-darbu-galerija\/#breadcrumb"},"inLanguage":"en-US","potentialAction":[{"@type":"ReadAction","target":["https:\/\/eglealeknaite.com\/senu-grafikos-darbu-galerija\/"]}]},{"@type":"ImageObject","inLanguage":"en-US","@id":"https:\/\/eglealeknaite.com\/senu-grafikos-darbu-galerija\/#primaryimage","url":"http:\/\/eglealeknaite.com\/wp-content\/uploads\/2023\/10\/3-1-800x800.jpg","contentUrl":"http:\/\/eglealeknaite.com\/wp-content\/uploads\/2023\/10\/3-1-800x800.jpg"},{"@type":"BreadcrumbList","@id":"https:\/\/eglealeknaite.com\/senu-grafikos-darbu-galerija\/#breadcrumb","itemListElement":[{"@type":"ListItem","position":1,"name":"Home","item":"https:\/\/eglealeknaite.com\/"},{"@type":"ListItem","position":2,"name":"Sen\u0173 grafikos darb\u0173 galerija"}]},{"@type":"WebSite","@id":"https:\/\/eglealeknaite.com\/#website","url":"https:\/\/eglealeknaite.com\/","name":"Egl\u0117 Aleknait\u0117 | Art Gallery","description":"Egl\u0117 Aleknait\u0117 | Art Gallery","potentialAction":[{"@type":"SearchAction","target":{"@type":"EntryPoint","urlTemplate":"https:\/\/eglealeknaite.com\/?s={search_term_string}"},"query-input":"required name=search_term_string"}],"inLanguage":"en-US"}]}},"_links":{"self":[{"href":"https:\/\/eglealeknaite.com\/en\/wp-json\/wp\/v2\/pages\/202"}],"collection":[{"href":"https:\/\/eglealeknaite.com\/en\/wp-json\/wp\/v2\/pages"}],"about":[{"href":"https:\/\/eglealeknaite.com\/en\/wp-json\/wp\/v2\/types\/page"}],"author":[{"embeddable":true,"href":"https:\/\/eglealeknaite.com\/en\/wp-json\/wp\/v2\/users\/1"}],"replies":[{"embeddable":true,"href":"https:\/\/eglealeknaite.com\/en\/wp-json\/wp\/v2\/comments?post=202"}],"version-history":[{"count":13,"href":"https:\/\/eglealeknaite.com\/en\/wp-json\/wp\/v2\/pages\/202\/revisions"}],"predecessor-version":[{"id":349,"href":"https:\/\/eglealeknaite.com\/en\/wp-json\/wp\/v2\/pages\/202\/revisions\/349"}],"wp:attachment":[{"href":"https:\/\/eglealeknaite.com\/en\/wp-json\/wp\/v2\/media?parent=202"}],"curies":[{"name":"wp","href":"https:\/\/api.w.org\/{rel}","templated":true}]}}