{"id":352,"date":"2023-10-26T13:53:39","date_gmt":"2023-10-26T10:53:39","guid":{"rendered":"https:\/\/eglealeknaite.com\/?page_id=352"},"modified":"2023-10-27T07:40:09","modified_gmt":"2023-10-27T04:40:09","slug":"pagrindinis","status":"publish","type":"page","link":"https:\/\/eglealeknaite.com\/en\/","title":{"rendered":"Home"},"content":{"rendered":"<div data-elementor-type=\"wp-page\" data-elementor-id=\"352\" class=\"elementor elementor-352\">\n\t\t\t\t\t\t\t<div class=\"elementor-element elementor-element-f888586 e-flex e-con-boxed e-con e-parent\" data-id=\"f888586\" data-element_type=\"container\" data-settings=\"{&quot;content_width&quot;:&quot;boxed&quot;}\" data-core-v316-plus=\"true\">\n\t\t\t\t\t<div class=\"e-con-inner\">\n\t\t\t\t<div class=\"elementor-element elementor-element-d356971 elementor-widget elementor-widget-text-editor\" data-id=\"d356971\" data-element_type=\"widget\" data-widget_type=\"text-editor.default\">\n\t\t\t\t<div class=\"elementor-widget-container\">\n\t\t\t<style>\/*! elementor - v3.17.0 - 25-10-2023 *\/\n.elementor-widget-text-editor.elementor-drop-cap-view-stacked .elementor-drop-cap{background-color:#69727d;color:#fff}.elementor-widget-text-editor.elementor-drop-cap-view-framed .elementor-drop-cap{color:#69727d;border:3px solid;background-color:transparent}.elementor-widget-text-editor:not(.elementor-drop-cap-view-default) .elementor-drop-cap{margin-top:8px}.elementor-widget-text-editor:not(.elementor-drop-cap-view-default) .elementor-drop-cap-letter{width:1em;height:1em}.elementor-widget-text-editor .elementor-drop-cap{float:left;text-align:center;line-height:1;font-size:50px}.elementor-widget-text-editor .elementor-drop-cap-letter{display:inline-block}<\/style>\t\t\t\t<p>\u00a0 \u00a0 \u00a0 \u00a0 \u00a0 \u00a0Painting for me, first of all, is a process, only later it is a result. In my works I focus on the man who is the most complicated inhabitant of the Earth. I delve deeper into his inner world in order to reveal both positive and negative human experiences in the paintings as suggestively as possible. The main thing in personal creation is that the picture is of interest to someone and it is not just a pleasure to look at.<\/p><p>\u00a0\u00a0\u00a0\u00a0\u00a0\u00a0\u00a0\u00a0\u00a0\u00a0\u00a0 Before I sit down at the easel, the creative process takes a long time in my head. It is especially important that there is a clear form. In the works I like to depict not only the human form, but also animals and plants. I believe that these symbols convey the essence of the man as an individual very well and help to reflect on the world around us. All the depicted objects most often refer to an encoded idea. Particular attention is also paid to colour. I am an emotional artist who loves sharper sensations that\u2019s why, the works are characterized by the contrast of colours and the highlighting of various emotions and states.<\/p><p>\u00a0\u00a0\u00a0\u00a0\u00a0\u00a0\u00a0\u00a0\u00a0\u00a0\u00a0 I admire surrealist painting, so in the works one can see an allusion to the world of dreams, which is connected to human thoughts and experiences. I depict and highlight the lovely, disturbing and uncomfortable qualities of all us and the environment on the canvas.<\/p>\t\t\t\t\t\t<\/div>\n\t\t\t\t<\/div>\n\t\t\t\t\t<\/div>\n\t\t\t\t<\/div>\n\t\t<div class=\"elementor-element elementor-element-5d0769a e-flex e-con-boxed e-con e-parent\" data-id=\"5d0769a\" data-element_type=\"container\" data-settings=\"{&quot;content_width&quot;:&quot;boxed&quot;}\" data-core-v316-plus=\"true\">\n\t\t\t\t\t<div class=\"e-con-inner\">\n\t\t\t\t<div class=\"elementor-element elementor-element-22b6dae elementor-grid-eael-col-3 elementor-grid-tablet-eael-col-2 elementor-grid-mobile-eael-col-1 elementor-widget elementor-widget-eael-post-grid\" data-id=\"22b6dae\" data-element_type=\"widget\" data-settings=\"{&quot;eael_post_grid_columns&quot;:&quot;eael-col-3&quot;,&quot;eael_post_grid_columns_tablet&quot;:&quot;eael-col-2&quot;,&quot;eael_post_grid_columns_mobile&quot;:&quot;eael-col-1&quot;}\" data-widget_type=\"eael-post-grid.default\">\n\t\t\t\t<div class=\"elementor-widget-container\">\n\t\t\t<div id=\"eael-post-grid-22b6dae\" class=\"eael-post-grid-container\">\n            <div class=\"eael-post-grid eael-post-appender eael-post-appender-22b6dae eael-post-grid-style-default\" data-layout-mode=\"grid\"><article class=\"eael-grid-post eael-post-grid-column\" data-id=\"274\">\n        <div class=\"eael-grid-post-holder\">\n            <div class=\"eael-grid-post-holder-inner\"><div class=\"eael-entry-media\"><div class=\"eael-entry-overlay fade-in\"><i class=\"fas fa-long-arrow-alt-right\" aria-hidden=\"true\"><\/i><a href=\"https:\/\/eglealeknaite.com\/en\/2023\/10\/25\/abejone-nr-2-2015-m\/\"><\/a><\/div><div class=\"eael-entry-thumbnail\">\n                <img loading=\"lazy\" width=\"800\" height=\"800\" src=\"https:\/\/eglealeknaite.com\/wp-content\/uploads\/2023\/10\/18-1-800x800.jpg\" class=\"attachment-exs-square size-exs-square wp-image-308\" alt=\"Abejon\u0117 Nr. 2, 2015 m. aliejiniai da\u017eai, drob\u0117 40 x 60 cm.\" decoding=\"async\" srcset=\"https:\/\/eglealeknaite.com\/wp-content\/uploads\/2023\/10\/18-1-800x800.jpg 800w, https:\/\/eglealeknaite.com\/wp-content\/uploads\/2023\/10\/18-1-150x150.jpg 150w\" sizes=\"(max-width: 800px) 100vw, 800px\" \/>\n            <\/div>\n        <\/div><div class=\"eael-entry-wrapper\"><header class=\"eael-entry-header\"><h2 class=\"eael-entry-title\"><a\n                        class=\"eael-grid-post-link\"\n                        href=\"https:\/\/eglealeknaite.com\/en\/2023\/10\/25\/abejone-nr-2-2015-m\/\"\n                        title=\"Doubt Nr. 2, 2015\">Doubt Nr. 2, 2015<\/a><\/h2><\/header><\/div><\/div>\n        <\/div>\n    <\/article><article class=\"eael-grid-post eael-post-grid-column\" data-id=\"273\">\n        <div class=\"eael-grid-post-holder\">\n            <div class=\"eael-grid-post-holder-inner\"><div class=\"eael-entry-media\"><div class=\"eael-entry-overlay fade-in\"><i class=\"fas fa-long-arrow-alt-right\" aria-hidden=\"true\"><\/i><a href=\"https:\/\/eglealeknaite.com\/en\/2023\/10\/25\/abejone-nr-1-2015-m\/\"><\/a><\/div><div class=\"eael-entry-thumbnail\">\n                <img loading=\"lazy\" width=\"800\" height=\"800\" src=\"https:\/\/eglealeknaite.com\/wp-content\/uploads\/2023\/10\/17-800x800.jpg\" class=\"attachment-exs-square size-exs-square wp-image-305\" alt=\"Abejon\u0117 Nr. 1, 2015 m. aliejiniai da\u017eai, drob\u0117 40 x 60 cm.\" decoding=\"async\" srcset=\"https:\/\/eglealeknaite.com\/wp-content\/uploads\/2023\/10\/17-800x800.jpg 800w, https:\/\/eglealeknaite.com\/wp-content\/uploads\/2023\/10\/17-150x150.jpg 150w\" sizes=\"(max-width: 800px) 100vw, 800px\" \/>\n            <\/div>\n        <\/div><div class=\"eael-entry-wrapper\"><header class=\"eael-entry-header\"><h2 class=\"eael-entry-title\"><a\n                        class=\"eael-grid-post-link\"\n                        href=\"https:\/\/eglealeknaite.com\/en\/2023\/10\/25\/abejone-nr-1-2015-m\/\"\n                        title=\"Doubt Nr. 1, 2015\">Doubt Nr. 1, 2015<\/a><\/h2><\/header><\/div><\/div>\n        <\/div>\n    <\/article><article class=\"eael-grid-post eael-post-grid-column\" data-id=\"272\">\n        <div class=\"eael-grid-post-holder\">\n            <div class=\"eael-grid-post-holder-inner\"><div class=\"eael-entry-media\"><div class=\"eael-entry-overlay fade-in\"><i class=\"fas fa-long-arrow-alt-right\" aria-hidden=\"true\"><\/i><a href=\"https:\/\/eglealeknaite.com\/en\/2023\/10\/25\/atvirumas-nr-2-2015-m\/\"><\/a><\/div><div class=\"eael-entry-thumbnail\">\n                <img loading=\"lazy\" width=\"800\" height=\"800\" src=\"https:\/\/eglealeknaite.com\/wp-content\/uploads\/2023\/10\/16-800x800.jpg\" class=\"attachment-exs-square size-exs-square wp-image-303\" alt=\"Atvirumas Nr. 2, 2015 m. aliejiniai da\u017eai, drob\u0117 30 x 40 cm.\" decoding=\"async\" srcset=\"https:\/\/eglealeknaite.com\/wp-content\/uploads\/2023\/10\/16-800x800.jpg 800w, https:\/\/eglealeknaite.com\/wp-content\/uploads\/2023\/10\/16-150x150.jpg 150w\" sizes=\"(max-width: 800px) 100vw, 800px\" \/>\n            <\/div>\n        <\/div><div class=\"eael-entry-wrapper\"><header class=\"eael-entry-header\"><h2 class=\"eael-entry-title\"><a\n                        class=\"eael-grid-post-link\"\n                        href=\"https:\/\/eglealeknaite.com\/en\/2023\/10\/25\/atvirumas-nr-2-2015-m\/\"\n                        title=\"Frankness Nr. 2, 2015\">Frankness Nr. 2, 2015<\/a><\/h2><\/header><\/div><\/div>\n        <\/div>\n    <\/article><article class=\"eael-grid-post eael-post-grid-column\" data-id=\"271\">\n        <div class=\"eael-grid-post-holder\">\n            <div class=\"eael-grid-post-holder-inner\"><div class=\"eael-entry-media\"><div class=\"eael-entry-overlay fade-in\"><i class=\"fas fa-long-arrow-alt-right\" aria-hidden=\"true\"><\/i><a href=\"https:\/\/eglealeknaite.com\/en\/2023\/10\/25\/atvirumas-nr-1-2015-m\/\"><\/a><\/div><div class=\"eael-entry-thumbnail\">\n                <img loading=\"lazy\" width=\"800\" height=\"800\" src=\"https:\/\/eglealeknaite.com\/wp-content\/uploads\/2023\/10\/15-800x800.jpg\" class=\"attachment-exs-square size-exs-square wp-image-301\" alt=\"Atvirumas Nr. 1, 2015 m. aliejiniai da\u017eai, drob\u0117 30 x 40 cm.\" decoding=\"async\" srcset=\"https:\/\/eglealeknaite.com\/wp-content\/uploads\/2023\/10\/15-800x800.jpg 800w, https:\/\/eglealeknaite.com\/wp-content\/uploads\/2023\/10\/15-150x150.jpg 150w\" sizes=\"(max-width: 800px) 100vw, 800px\" \/>\n            <\/div>\n        <\/div><div class=\"eael-entry-wrapper\"><header class=\"eael-entry-header\"><h2 class=\"eael-entry-title\"><a\n                        class=\"eael-grid-post-link\"\n                        href=\"https:\/\/eglealeknaite.com\/en\/2023\/10\/25\/atvirumas-nr-1-2015-m\/\"\n                        title=\"Frankness Nr. 1, 2015\">Frankness Nr. 1, 2015<\/a><\/h2><\/header><\/div><\/div>\n        <\/div>\n    <\/article><article class=\"eael-grid-post eael-post-grid-column\" data-id=\"269\">\n        <div class=\"eael-grid-post-holder\">\n            <div class=\"eael-grid-post-holder-inner\"><div class=\"eael-entry-media\"><div class=\"eael-entry-overlay fade-in\"><i class=\"fas fa-long-arrow-alt-right\" aria-hidden=\"true\"><\/i><a href=\"https:\/\/eglealeknaite.com\/en\/2023\/10\/25\/antpuolis-nr-1-2015-m\/\"><\/a><\/div><div class=\"eael-entry-thumbnail\">\n                <img loading=\"lazy\" width=\"800\" height=\"800\" src=\"https:\/\/eglealeknaite.com\/wp-content\/uploads\/2023\/10\/13-800x800.jpg\" class=\"attachment-exs-square size-exs-square wp-image-299\" alt=\"Antpuolis Nr. 1, 2015 m. aliejiniai da\u017eai, drob\u0117 30 x 40 cm.\" decoding=\"async\" srcset=\"https:\/\/eglealeknaite.com\/wp-content\/uploads\/2023\/10\/13-800x800.jpg 800w, https:\/\/eglealeknaite.com\/wp-content\/uploads\/2023\/10\/13-150x150.jpg 150w\" sizes=\"(max-width: 800px) 100vw, 800px\" \/>\n            <\/div>\n        <\/div><div class=\"eael-entry-wrapper\"><header class=\"eael-entry-header\"><h2 class=\"eael-entry-title\"><a\n                        class=\"eael-grid-post-link\"\n                        href=\"https:\/\/eglealeknaite.com\/en\/2023\/10\/25\/antpuolis-nr-1-2015-m\/\"\n                        title=\"Attack Nr. 1, 2015\">Attack Nr. 1, 2015<\/a><\/h2><\/header><\/div><\/div>\n        <\/div>\n    <\/article><article class=\"eael-grid-post eael-post-grid-column\" data-id=\"270\">\n        <div class=\"eael-grid-post-holder\">\n            <div class=\"eael-grid-post-holder-inner\"><div class=\"eael-entry-media\"><div class=\"eael-entry-overlay fade-in\"><i class=\"fas fa-long-arrow-alt-right\" aria-hidden=\"true\"><\/i><a href=\"https:\/\/eglealeknaite.com\/en\/2023\/10\/25\/antpuolis-nr-2-2015-m\/\"><\/a><\/div><div class=\"eael-entry-thumbnail\">\n                <img loading=\"lazy\" width=\"800\" height=\"800\" src=\"https:\/\/eglealeknaite.com\/wp-content\/uploads\/2023\/10\/14-800x800.jpg\" class=\"attachment-exs-square size-exs-square wp-image-312\" alt=\"Antpuolis Nr. 2, 2015 m. aliejiniai da\u017eai, drob\u0117 30 x 40 cm.\" decoding=\"async\" srcset=\"https:\/\/eglealeknaite.com\/wp-content\/uploads\/2023\/10\/14-800x800.jpg 800w, https:\/\/eglealeknaite.com\/wp-content\/uploads\/2023\/10\/14-150x150.jpg 150w\" sizes=\"(max-width: 800px) 100vw, 800px\" \/>\n            <\/div>\n        <\/div><div class=\"eael-entry-wrapper\"><header class=\"eael-entry-header\"><h2 class=\"eael-entry-title\"><a\n                        class=\"eael-grid-post-link\"\n                        href=\"https:\/\/eglealeknaite.com\/en\/2023\/10\/25\/antpuolis-nr-2-2015-m\/\"\n                        title=\"Attack Nr. 2, 2015\">Attack Nr. 2, 2015<\/a><\/h2><\/header><\/div><\/div>\n        <\/div>\n    <\/article><article class=\"eael-grid-post eael-post-grid-column\" data-id=\"267\">\n        <div class=\"eael-grid-post-holder\">\n            <div class=\"eael-grid-post-holder-inner\"><div class=\"eael-entry-media\"><div class=\"eael-entry-overlay fade-in\"><i class=\"fas fa-long-arrow-alt-right\" aria-hidden=\"true\"><\/i><a href=\"https:\/\/eglealeknaite.com\/en\/2023\/10\/25\/atsiskleidimas-nr-2-2015-m\/\"><\/a><\/div><div class=\"eael-entry-thumbnail\">\n                <img loading=\"lazy\" width=\"800\" height=\"800\" src=\"https:\/\/eglealeknaite.com\/wp-content\/uploads\/2023\/10\/12-800x800.jpg\" class=\"attachment-exs-square size-exs-square wp-image-295\" alt=\"Atsiskleidimas Nr. 2, 2015 m. aliejiniai da\u017eai, drob\u0117 21 x 21 cm.\" decoding=\"async\" srcset=\"https:\/\/eglealeknaite.com\/wp-content\/uploads\/2023\/10\/12-800x800.jpg 800w, https:\/\/eglealeknaite.com\/wp-content\/uploads\/2023\/10\/12-150x150.jpg 150w, https:\/\/eglealeknaite.com\/wp-content\/uploads\/2023\/10\/12-13x12.jpg 13w\" sizes=\"(max-width: 800px) 100vw, 800px\" \/>\n            <\/div>\n        <\/div><div class=\"eael-entry-wrapper\"><header class=\"eael-entry-header\"><h2 class=\"eael-entry-title\"><a\n                        class=\"eael-grid-post-link\"\n                        href=\"https:\/\/eglealeknaite.com\/en\/2023\/10\/25\/atsiskleidimas-nr-2-2015-m\/\"\n                        title=\"Disclosure Nr. 2, 2015\">Disclosure Nr. 2, 2015<\/a><\/h2><\/header><\/div><\/div>\n        <\/div>\n    <\/article><article class=\"eael-grid-post eael-post-grid-column\" data-id=\"266\">\n        <div class=\"eael-grid-post-holder\">\n            <div class=\"eael-grid-post-holder-inner\"><div class=\"eael-entry-media\"><div class=\"eael-entry-overlay fade-in\"><i class=\"fas fa-long-arrow-alt-right\" aria-hidden=\"true\"><\/i><a href=\"https:\/\/eglealeknaite.com\/en\/2023\/10\/25\/atsiskleidimas-nr-1-2015-m\/\"><\/a><\/div><div class=\"eael-entry-thumbnail\">\n                <img loading=\"lazy\" width=\"800\" height=\"800\" src=\"https:\/\/eglealeknaite.com\/wp-content\/uploads\/2023\/10\/11-800x800.jpg\" class=\"attachment-exs-square size-exs-square wp-image-293\" alt=\"Atsiskleidimas Nr. 1, 2015 m. aliejiniai da\u017eai, drob\u0117 20 x 30 cm.\" decoding=\"async\" srcset=\"https:\/\/eglealeknaite.com\/wp-content\/uploads\/2023\/10\/11-800x800.jpg 800w, https:\/\/eglealeknaite.com\/wp-content\/uploads\/2023\/10\/11-150x150.jpg 150w\" sizes=\"(max-width: 800px) 100vw, 800px\" \/>\n            <\/div>\n        <\/div><div class=\"eael-entry-wrapper\"><header class=\"eael-entry-header\"><h2 class=\"eael-entry-title\"><a\n                        class=\"eael-grid-post-link\"\n                        href=\"https:\/\/eglealeknaite.com\/en\/2023\/10\/25\/atsiskleidimas-nr-1-2015-m\/\"\n                        title=\"Disclosure Nr. 1, 2015\u00a0\">Disclosure Nr. 1, 2015\u00a0<\/a><\/h2><\/header><\/div><\/div>\n        <\/div>\n    <\/article><article class=\"eael-grid-post eael-post-grid-column\" data-id=\"265\">\n        <div class=\"eael-grid-post-holder\">\n            <div class=\"eael-grid-post-holder-inner\"><div class=\"eael-entry-media\"><div class=\"eael-entry-overlay fade-in\"><i class=\"fas fa-long-arrow-alt-right\" aria-hidden=\"true\"><\/i><a href=\"https:\/\/eglealeknaite.com\/en\/2023\/10\/25\/apkrova-2014-m\/\"><\/a><\/div><div class=\"eael-entry-thumbnail\">\n                <img loading=\"lazy\" width=\"800\" height=\"800\" src=\"https:\/\/eglealeknaite.com\/wp-content\/uploads\/2023\/10\/10-800x800.jpg\" class=\"attachment-exs-square size-exs-square wp-image-291\" alt=\"Apkrova, 2014 m. aliejiniai da\u017eai, drob\u0117 40 x 50 cm.\" decoding=\"async\" srcset=\"https:\/\/eglealeknaite.com\/wp-content\/uploads\/2023\/10\/10-800x800.jpg 800w, https:\/\/eglealeknaite.com\/wp-content\/uploads\/2023\/10\/10-150x150.jpg 150w\" sizes=\"(max-width: 800px) 100vw, 800px\" \/>\n            <\/div>\n        <\/div><div class=\"eael-entry-wrapper\"><header class=\"eael-entry-header\"><h2 class=\"eael-entry-title\"><a\n                        class=\"eael-grid-post-link\"\n                        href=\"https:\/\/eglealeknaite.com\/en\/2023\/10\/25\/apkrova-2014-m\/\"\n                        title=\"Load, 2014\">Load, 2014<\/a><\/h2><\/header><\/div><\/div>\n        <\/div>\n    <\/article><\/div>\n            <div class=\"clearfix\"><\/div>\n        <\/div>            <div class=\"eael-load-more-button-wrap\">\n                <button class=\"eael-load-more-button\" id=\"eael-load-more-btn-22b6dae\" data-widget-id=\"22b6dae\" data-widget=\"22b6dae\" data-page-id=\"352\" data-template=\"{&quot;dir&quot;:&quot;lite&quot;,&quot;file_name&quot;:&quot;default.php&quot;,&quot;name&quot;:&quot;Post-Grid&quot;}\" data-class=\"Essential_Addons_Elementor\\Elements\\Post_Grid\" data-layout=\"grid\" data-page=\"1\" data-args=\"orderby=date&amp;order=desc&amp;ignore_sticky_posts=1&amp;post_status=publish&amp;posts_per_page=9&amp;offset=0&amp;post_type=post&amp;tax_query%5B0%5D%5Btaxonomy%5D=category&amp;tax_query%5B0%5D%5Bfield%5D=term_id&amp;tax_query%5B0%5D%5Bterms%5D%5B0%5D=25&amp;tax_query%5Brelation%5D=AND\" data-max-page=\"2\">\n                    <span class=\"eael-btn-loader button__loader\"><\/span>\n                    <span class=\"eael_load_more_text\">Load more...<\/span>\n                <\/button>\n            <\/div>\n        \t\t<\/div>\n\t\t\t\t<\/div>\n\t\t\t\t\t<\/div>\n\t\t\t\t<\/div>\n\t\t\t\t\t\t\t<\/div>","protected":false},"excerpt":{"rendered":"","protected":false},"author":1,"featured_media":0,"parent":0,"menu_order":0,"comment_status":"closed","ping_status":"closed","template":"","meta":{"om_disable_all_campaigns":false,"_monsterinsights_skip_tracking":false,"_monsterinsights_sitenote_active":false,"_monsterinsights_sitenote_note":"","_monsterinsights_sitenote_category":0,"footnotes":""},"yoast_head":"<!-- This site is optimized with the Yoast SEO plugin v22.6 - https:\/\/yoast.com\/wordpress\/plugins\/seo\/ -->\n<title>Pagrindinis - Egl\u0117 Aleknait\u0117 | Art Gallery<\/title>\n<meta name=\"robots\" content=\"index, follow, max-snippet:-1, max-image-preview:large, max-video-preview:-1\" \/>\n<link rel=\"canonical\" href=\"https:\/\/eglealeknaite.com\/en\/\" \/>\n<meta property=\"og:locale\" content=\"en_US\" \/>\n<meta property=\"og:type\" content=\"article\" \/>\n<meta property=\"og:title\" content=\"Pagrindinis - Egl\u0117 Aleknait\u0117 | Art Gallery\" \/>\n<meta property=\"og:url\" content=\"https:\/\/eglealeknaite.com\/en\/\" \/>\n<meta property=\"og:site_name\" content=\"Egl\u0117 Aleknait\u0117 | Art Gallery\" \/>\n<meta property=\"article:modified_time\" content=\"2023-10-27T04:40:09+00:00\" \/>\n<meta property=\"og:image\" content=\"http:\/\/eglealeknaite.com\/wp-content\/uploads\/2023\/10\/18-1-800x800.jpg\" \/>\n<meta name=\"twitter:card\" content=\"summary_large_image\" \/>\n<meta name=\"twitter:label1\" content=\"Est. reading time\" \/>\n\t<meta name=\"twitter:data1\" content=\"3 minutes\" \/>\n<script type=\"application\/ld+json\" class=\"yoast-schema-graph\">{\"@context\":\"https:\/\/schema.org\",\"@graph\":[{\"@type\":\"WebPage\",\"@id\":\"https:\/\/eglealeknaite.com\/\",\"url\":\"https:\/\/eglealeknaite.com\/\",\"name\":\"Pagrindinis - Egl\u0117 Aleknait\u0117 | Art Gallery\",\"isPartOf\":{\"@id\":\"https:\/\/eglealeknaite.com\/#website\"},\"primaryImageOfPage\":{\"@id\":\"https:\/\/eglealeknaite.com\/#primaryimage\"},\"image\":{\"@id\":\"https:\/\/eglealeknaite.com\/#primaryimage\"},\"thumbnailUrl\":\"http:\/\/eglealeknaite.com\/wp-content\/uploads\/2023\/10\/18-1-800x800.jpg\",\"datePublished\":\"2023-10-26T10:53:39+00:00\",\"dateModified\":\"2023-10-27T04:40:09+00:00\",\"breadcrumb\":{\"@id\":\"https:\/\/eglealeknaite.com\/#breadcrumb\"},\"inLanguage\":\"en-US\",\"potentialAction\":[{\"@type\":\"ReadAction\",\"target\":[\"https:\/\/eglealeknaite.com\/\"]}]},{\"@type\":\"ImageObject\",\"inLanguage\":\"en-US\",\"@id\":\"https:\/\/eglealeknaite.com\/#primaryimage\",\"url\":\"http:\/\/eglealeknaite.com\/wp-content\/uploads\/2023\/10\/18-1-800x800.jpg\",\"contentUrl\":\"http:\/\/eglealeknaite.com\/wp-content\/uploads\/2023\/10\/18-1-800x800.jpg\"},{\"@type\":\"BreadcrumbList\",\"@id\":\"https:\/\/eglealeknaite.com\/#breadcrumb\",\"itemListElement\":[{\"@type\":\"ListItem\",\"position\":1,\"name\":\"Home\",\"item\":\"https:\/\/eglealeknaite.com\/\"},{\"@type\":\"ListItem\",\"position\":2,\"name\":\"Pagrindinis\"}]},{\"@type\":\"WebSite\",\"@id\":\"https:\/\/eglealeknaite.com\/#website\",\"url\":\"https:\/\/eglealeknaite.com\/\",\"name\":\"Egl\u0117 Aleknait\u0117 | Art Gallery\",\"description\":\"Egl\u0117 Aleknait\u0117 | Art Gallery\",\"potentialAction\":[{\"@type\":\"SearchAction\",\"target\":{\"@type\":\"EntryPoint\",\"urlTemplate\":\"https:\/\/eglealeknaite.com\/?s={search_term_string}\"},\"query-input\":\"required name=search_term_string\"}],\"inLanguage\":\"en-US\"}]}<\/script>\n<!-- \/ Yoast SEO plugin. -->","yoast_head_json":{"title":"Pagrindinis - Egl\u0117 Aleknait\u0117 | Art Gallery","robots":{"index":"index","follow":"follow","max-snippet":"max-snippet:-1","max-image-preview":"max-image-preview:large","max-video-preview":"max-video-preview:-1"},"canonical":"https:\/\/eglealeknaite.com\/en\/","og_locale":"en_US","og_type":"article","og_title":"Pagrindinis - Egl\u0117 Aleknait\u0117 | Art Gallery","og_url":"https:\/\/eglealeknaite.com\/en\/","og_site_name":"Egl\u0117 Aleknait\u0117 | Art Gallery","article_modified_time":"2023-10-27T04:40:09+00:00","og_image":[{"url":"http:\/\/eglealeknaite.com\/wp-content\/uploads\/2023\/10\/18-1-800x800.jpg"}],"twitter_card":"summary_large_image","twitter_misc":{"Est. reading time":"3 minutes"},"schema":{"@context":"https:\/\/schema.org","@graph":[{"@type":"WebPage","@id":"https:\/\/eglealeknaite.com\/","url":"https:\/\/eglealeknaite.com\/","name":"Pagrindinis - Egl\u0117 Aleknait\u0117 | Art Gallery","isPartOf":{"@id":"https:\/\/eglealeknaite.com\/#website"},"primaryImageOfPage":{"@id":"https:\/\/eglealeknaite.com\/#primaryimage"},"image":{"@id":"https:\/\/eglealeknaite.com\/#primaryimage"},"thumbnailUrl":"http:\/\/eglealeknaite.com\/wp-content\/uploads\/2023\/10\/18-1-800x800.jpg","datePublished":"2023-10-26T10:53:39+00:00","dateModified":"2023-10-27T04:40:09+00:00","breadcrumb":{"@id":"https:\/\/eglealeknaite.com\/#breadcrumb"},"inLanguage":"en-US","potentialAction":[{"@type":"ReadAction","target":["https:\/\/eglealeknaite.com\/"]}]},{"@type":"ImageObject","inLanguage":"en-US","@id":"https:\/\/eglealeknaite.com\/#primaryimage","url":"http:\/\/eglealeknaite.com\/wp-content\/uploads\/2023\/10\/18-1-800x800.jpg","contentUrl":"http:\/\/eglealeknaite.com\/wp-content\/uploads\/2023\/10\/18-1-800x800.jpg"},{"@type":"BreadcrumbList","@id":"https:\/\/eglealeknaite.com\/#breadcrumb","itemListElement":[{"@type":"ListItem","position":1,"name":"Home","item":"https:\/\/eglealeknaite.com\/"},{"@type":"ListItem","position":2,"name":"Pagrindinis"}]},{"@type":"WebSite","@id":"https:\/\/eglealeknaite.com\/#website","url":"https:\/\/eglealeknaite.com\/","name":"Egl\u0117 Aleknait\u0117 | Art Gallery","description":"Egl\u0117 Aleknait\u0117 | Art Gallery","potentialAction":[{"@type":"SearchAction","target":{"@type":"EntryPoint","urlTemplate":"https:\/\/eglealeknaite.com\/?s={search_term_string}"},"query-input":"required name=search_term_string"}],"inLanguage":"en-US"}]}},"_links":{"self":[{"href":"https:\/\/eglealeknaite.com\/en\/wp-json\/wp\/v2\/pages\/352"}],"collection":[{"href":"https:\/\/eglealeknaite.com\/en\/wp-json\/wp\/v2\/pages"}],"about":[{"href":"https:\/\/eglealeknaite.com\/en\/wp-json\/wp\/v2\/types\/page"}],"author":[{"embeddable":true,"href":"https:\/\/eglealeknaite.com\/en\/wp-json\/wp\/v2\/users\/1"}],"replies":[{"embeddable":true,"href":"https:\/\/eglealeknaite.com\/en\/wp-json\/wp\/v2\/comments?post=352"}],"version-history":[{"count":10,"href":"https:\/\/eglealeknaite.com\/en\/wp-json\/wp\/v2\/pages\/352\/revisions"}],"predecessor-version":[{"id":417,"href":"https:\/\/eglealeknaite.com\/en\/wp-json\/wp\/v2\/pages\/352\/revisions\/417"}],"wp:attachment":[{"href":"https:\/\/eglealeknaite.com\/en\/wp-json\/wp\/v2\/media?parent=352"}],"curies":[{"name":"wp","href":"https:\/\/api.w.org\/{rel}","templated":true}]}}